{"id":1964,"date":"2016-05-19T12:24:04","date_gmt":"2016-05-19T12:24:04","guid":{"rendered":"http:\/\/demo.goodlayers.com\/infinite\/homepages\/finance\/?page_id=1281"},"modified":"2023-10-24T10:21:42","modified_gmt":"2023-10-24T10:21:42","slug":"contactos","status":"publish","type":"page","link":"http:\/\/www.peviconta.pt\/seguros\/contactos\/","title":{"rendered":"Contactos"},"content":{"rendered":"","protected":false},"excerpt":{"rendered":"","protected":false},"author":1,"featured_media":0,"parent":0,"menu_order":0,"comment_status":"closed","ping_status":"closed","template":"","meta":{"inline_featured_image":false},"yoast_head":"<!-- This site is optimized with the Yoast SEO plugin v19.7.2 - https:\/\/yoast.com\/wordpress\/plugins\/seo\/ -->\n<title>Contactos - Peviconta<\/title>\n<meta name=\"description\" content=\"Colocamos \u00e0 sua disposi\u00e7\u00e3o os melhores seguros, atrav\u00e9s de uma variedade de seguradoras, oferecendo assim aos nossos clientes, as melhores solu\u00e7\u00f5es.\" \/>\n<meta name=\"robots\" content=\"index, follow, max-snippet:-1, max-image-preview:large, max-video-preview:-1\" \/>\n<link rel=\"canonical\" href=\"https:\/\/www.peviconta.pt\/seguros\/contactos\/\" \/>\n<meta property=\"og:locale\" content=\"pt_PT\" \/>\n<meta property=\"og:type\" content=\"article\" \/>\n<meta property=\"og:title\" content=\"Contactos - Peviconta\" \/>\n<meta property=\"og:description\" content=\"Colocamos \u00e0 sua disposi\u00e7\u00e3o os melhores seguros, atrav\u00e9s de uma variedade de seguradoras, oferecendo assim aos nossos clientes, as melhores solu\u00e7\u00f5es.\" \/>\n<meta property=\"og:url\" content=\"https:\/\/www.peviconta.pt\/seguros\/contactos\/\" \/>\n<meta property=\"og:site_name\" content=\"Peviconta\" \/>\n<meta property=\"article:modified_time\" content=\"2023-10-24T10:21:42+00:00\" \/>\n<meta name=\"twitter:card\" content=\"summary_large_image\" \/>\n<script type=\"application\/ld+json\" class=\"yoast-schema-graph\">{\"@context\":\"https:\/\/schema.org\",\"@graph\":[{\"@type\":\"WebPage\",\"@id\":\"https:\/\/www.peviconta.pt\/seguros\/contactos\/\",\"url\":\"https:\/\/www.peviconta.pt\/seguros\/contactos\/\",\"name\":\"Contactos - Peviconta\",\"isPartOf\":{\"@id\":\"https:\/\/www.peviconta.pt\/seguros\/#website\"},\"datePublished\":\"2016-05-19T12:24:04+00:00\",\"dateModified\":\"2023-10-24T10:21:42+00:00\",\"description\":\"Colocamos \u00e0 sua disposi\u00e7\u00e3o os melhores seguros, atrav\u00e9s de uma variedade de seguradoras, oferecendo assim aos nossos clientes, as melhores solu\u00e7\u00f5es.\",\"breadcrumb\":{\"@id\":\"https:\/\/www.peviconta.pt\/seguros\/contactos\/#breadcrumb\"},\"inLanguage\":\"pt-PT\",\"potentialAction\":[{\"@type\":\"ReadAction\",\"target\":[\"https:\/\/www.peviconta.pt\/seguros\/contactos\/\"]}]},{\"@type\":\"BreadcrumbList\",\"@id\":\"https:\/\/www.peviconta.pt\/seguros\/contactos\/#breadcrumb\",\"itemListElement\":[{\"@type\":\"ListItem\",\"position\":1,\"name\":\"In\u00edcio\",\"item\":\"https:\/\/www.peviconta.pt\/seguros\/\"},{\"@type\":\"ListItem\",\"position\":2,\"name\":\"Contactos\"}]},{\"@type\":\"WebSite\",\"@id\":\"https:\/\/www.peviconta.pt\/seguros\/#website\",\"url\":\"https:\/\/www.peviconta.pt\/seguros\/\",\"name\":\"Peviconta\",\"description\":\"Media\u00e7\u00e3o de Seguros\",\"publisher\":{\"@id\":\"https:\/\/www.peviconta.pt\/seguros\/#organization\"},\"potentialAction\":[{\"@type\":\"SearchAction\",\"target\":{\"@type\":\"EntryPoint\",\"urlTemplate\":\"https:\/\/www.peviconta.pt\/seguros\/?s={search_term_string}\"},\"query-input\":\"required name=search_term_string\"}],\"inLanguage\":\"pt-PT\"},{\"@type\":\"Organization\",\"@id\":\"https:\/\/www.peviconta.pt\/seguros\/#organization\",\"name\":\"Peviconta\",\"url\":\"https:\/\/www.peviconta.pt\/seguros\/\",\"sameAs\":[],\"logo\":{\"@type\":\"ImageObject\",\"inLanguage\":\"pt-PT\",\"@id\":\"https:\/\/www.peviconta.pt\/seguros\/#\/schema\/logo\/image\/\",\"url\":\"http:\/\/www.peviconta.pt\/seguros\/wp-content\/uploads\/2023\/02\/email_logo.png\",\"contentUrl\":\"http:\/\/www.peviconta.pt\/seguros\/wp-content\/uploads\/2023\/02\/email_logo.png\",\"width\":275,\"height\":67,\"caption\":\"Peviconta\"},\"image\":{\"@id\":\"https:\/\/www.peviconta.pt\/seguros\/#\/schema\/logo\/image\/\"}}]}<\/script>\n<!-- \/ Yoast SEO plugin. -->","yoast_head_json":{"title":"Contactos - Peviconta","description":"Colocamos \u00e0 sua disposi\u00e7\u00e3o os melhores seguros, atrav\u00e9s de uma variedade de seguradoras, oferecendo assim aos nossos clientes, as melhores solu\u00e7\u00f5es.","robots":{"index":"index","follow":"follow","max-snippet":"max-snippet:-1","max-image-preview":"max-image-preview:large","max-video-preview":"max-video-preview:-1"},"canonical":"https:\/\/www.peviconta.pt\/seguros\/contactos\/","og_locale":"pt_PT","og_type":"article","og_title":"Contactos - Peviconta","og_description":"Colocamos \u00e0 sua disposi\u00e7\u00e3o os melhores seguros, atrav\u00e9s de uma variedade de seguradoras, oferecendo assim aos nossos clientes, as melhores solu\u00e7\u00f5es.","og_url":"https:\/\/www.peviconta.pt\/seguros\/contactos\/","og_site_name":"Peviconta","article_modified_time":"2023-10-24T10:21:42+00:00","twitter_card":"summary_large_image","schema":{"@context":"https:\/\/schema.org","@graph":[{"@type":"WebPage","@id":"https:\/\/www.peviconta.pt\/seguros\/contactos\/","url":"https:\/\/www.peviconta.pt\/seguros\/contactos\/","name":"Contactos - Peviconta","isPartOf":{"@id":"https:\/\/www.peviconta.pt\/seguros\/#website"},"datePublished":"2016-05-19T12:24:04+00:00","dateModified":"2023-10-24T10:21:42+00:00","description":"Colocamos \u00e0 sua disposi\u00e7\u00e3o os melhores seguros, atrav\u00e9s de uma variedade de seguradoras, oferecendo assim aos nossos clientes, as melhores solu\u00e7\u00f5es.","breadcrumb":{"@id":"https:\/\/www.peviconta.pt\/seguros\/contactos\/#breadcrumb"},"inLanguage":"pt-PT","potentialAction":[{"@type":"ReadAction","target":["https:\/\/www.peviconta.pt\/seguros\/contactos\/"]}]},{"@type":"BreadcrumbList","@id":"https:\/\/www.peviconta.pt\/seguros\/contactos\/#breadcrumb","itemListElement":[{"@type":"ListItem","position":1,"name":"In\u00edcio","item":"https:\/\/www.peviconta.pt\/seguros\/"},{"@type":"ListItem","position":2,"name":"Contactos"}]},{"@type":"WebSite","@id":"https:\/\/www.peviconta.pt\/seguros\/#website","url":"https:\/\/www.peviconta.pt\/seguros\/","name":"Peviconta","description":"Media\u00e7\u00e3o de Seguros","publisher":{"@id":"https:\/\/www.peviconta.pt\/seguros\/#organization"},"potentialAction":[{"@type":"SearchAction","target":{"@type":"EntryPoint","urlTemplate":"https:\/\/www.peviconta.pt\/seguros\/?s={search_term_string}"},"query-input":"required name=search_term_string"}],"inLanguage":"pt-PT"},{"@type":"Organization","@id":"https:\/\/www.peviconta.pt\/seguros\/#organization","name":"Peviconta","url":"https:\/\/www.peviconta.pt\/seguros\/","sameAs":[],"logo":{"@type":"ImageObject","inLanguage":"pt-PT","@id":"https:\/\/www.peviconta.pt\/seguros\/#\/schema\/logo\/image\/","url":"http:\/\/www.peviconta.pt\/seguros\/wp-content\/uploads\/2023\/02\/email_logo.png","contentUrl":"http:\/\/www.peviconta.pt\/seguros\/wp-content\/uploads\/2023\/02\/email_logo.png","width":275,"height":67,"caption":"Peviconta"},"image":{"@id":"https:\/\/www.peviconta.pt\/seguros\/#\/schema\/logo\/image\/"}}]}},"_links":{"self":[{"href":"http:\/\/www.peviconta.pt\/seguros\/wp-json\/wp\/v2\/pages\/1964"}],"collection":[{"href":"http:\/\/www.peviconta.pt\/seguros\/wp-json\/wp\/v2\/pages"}],"about":[{"href":"http:\/\/www.peviconta.pt\/seguros\/wp-json\/wp\/v2\/types\/page"}],"author":[{"embeddable":true,"href":"http:\/\/www.peviconta.pt\/seguros\/wp-json\/wp\/v2\/users\/1"}],"replies":[{"embeddable":true,"href":"http:\/\/www.peviconta.pt\/seguros\/wp-json\/wp\/v2\/comments?post=1964"}],"version-history":[{"count":4,"href":"http:\/\/www.peviconta.pt\/seguros\/wp-json\/wp\/v2\/pages\/1964\/revisions"}],"predecessor-version":[{"id":16180,"href":"http:\/\/www.peviconta.pt\/seguros\/wp-json\/wp\/v2\/pages\/1964\/revisions\/16180"}],"wp:attachment":[{"href":"http:\/\/www.peviconta.pt\/seguros\/wp-json\/wp\/v2\/media?parent=1964"}],"curies":[{"name":"wp","href":"https:\/\/api.w.org\/{rel}","templated":true}]}}